{"id":635,"date":"2021-12-13T15:14:55","date_gmt":"2021-12-13T15:14:55","guid":{"rendered":"https:\/\/kinsley-demo.bslthemes.com\/?page_id=635"},"modified":"2025-11-05T13:10:49","modified_gmt":"2025-11-05T12:10:49","slug":"gallery","status":"publish","type":"page","link":"https:\/\/www.herosgardenrelais.com\/it\/gallery\/","title":{"rendered":"Gallery"},"content":{"rendered":"\t\t<div data-elementor-type=\"wp-page\" data-elementor-id=\"635\" class=\"elementor elementor-635\" data-elementor-post-type=\"page\">\n\t\t\t\t<div class=\"elementor-element elementor-element-dc17a9f e-con-full e-flex e-con e-parent\" data-id=\"dc17a9f\" data-element_type=\"container\">\n\t\t<div class=\"elementor-element elementor-element-3873193 e-con-full e-flex e-con e-child\" data-id=\"3873193\" data-element_type=\"container\">\n\t\t<div class=\"elementor-element elementor-element-df66b2b e-con-full e-flex e-con e-child\" data-id=\"df66b2b\" data-element_type=\"container\">\n\t\t<div class=\"elementor-element elementor-element-ba85a4b e-con-full e-flex e-con e-child\" data-id=\"ba85a4b\" data-element_type=\"container\">\n\t\t\t\t<div class=\"elementor-element elementor-element-013864c elementor-widget elementor-widget-kinsley-intro\" data-id=\"013864c\" data-element_type=\"widget\" data-widget_type=\"kinsley-intro.default\">\n\t\t\t\t<div class=\"elementor-widget-container\">\n\t\t\t\t\t\n    <!-- banner -->\n    <section class=\"knsl-banner-simple knsl-transition-bottom\">\n      \n\t  \n      <div class=\"container\">\n        <div class=\"row\">\n          <div class=\"col-lg-12\">\n\n            <div class=\"knsl-center knsl-title-frame\">\n                            <h1 class=\"knsl-title--h knsl-mb-20 knsl-h1-inner\">\n                <span >\n                    Photo Gallery                <\/span>\n              <\/h1>\n                                          <p class=\"knsl-text knsl-mb-30\">\n                <span >\n                    Esplora la nostra photogallery e lasciati incantare dalla bellezza senza tempo del nostro relais: un luogo dove eleganza, natura e comfort si fondono per creare un'esperienza indimenticabile.                <\/span>\n              <\/p>\n              \n              \n            <\/div>\n\n          <\/div>\n        <\/div>\n      <\/div>\n    <\/section>\n    <!-- banner end -->\n\n\t\t\t\t\t\t<\/div>\n\t\t\t\t<\/div>\n\t\t\t\t<\/div>\n\t\t\t\t<\/div>\n\t\t\t\t<\/div>\n\t\t\t\t<\/div>\n\t\t<div class=\"elementor-element elementor-element-81ca843 e-con-full e-flex e-con e-parent\" data-id=\"81ca843\" data-element_type=\"container\">\n\t\t<div class=\"elementor-element elementor-element-22403b0 e-flex e-con-boxed e-con e-child\" data-id=\"22403b0\" data-element_type=\"container\">\n\t\t\t\t\t<div class=\"e-con-inner\">\n\t\t<div class=\"elementor-element elementor-element-a361f0c e-con-full e-flex e-con e-child\" data-id=\"a361f0c\" data-element_type=\"container\" data-settings=\"{&quot;background_background&quot;:&quot;classic&quot;}\">\n\t\t\t\t<\/div>\n\t\t\t\t\t<\/div>\n\t\t\t\t<\/div>\n\t\t\t\t<\/div>\n\t\t<div class=\"elementor-element elementor-element-f6156b8 e-con-full e-flex e-con e-parent\" data-id=\"f6156b8\" data-element_type=\"container\">\n\t\t<div class=\"elementor-element elementor-element-7cb264d e-flex e-con-boxed e-con e-child\" data-id=\"7cb264d\" data-element_type=\"container\">\n\t\t\t\t\t<div class=\"e-con-inner\">\n\t\t<div class=\"elementor-element elementor-element-943e115 e-con-full e-flex e-con e-child\" data-id=\"943e115\" data-element_type=\"container\" data-settings=\"{&quot;background_background&quot;:&quot;classic&quot;}\">\n\t\t\t\t<div class=\"elementor-element elementor-element-f569523 elementor-widget elementor-widget-kinsley-gallery\" data-id=\"f569523\" data-element_type=\"widget\" data-widget_type=\"kinsley-gallery.default\">\n\t\t\t\t<div class=\"elementor-widget-container\">\n\t\t\t\t\t\n    <!-- gallery -->\n    <div class=\"knsl-p-0-100\">\n\t         \n                <div class=\"knsl-filter knsl-mb-60\">\n          \t\t  <a href=\"#\" data-filter=\"*\" class=\"knsl-work-category knsl-current\">All Photos<\/a>\n\t\t                      <a href=\"#\" data-filter=\".ambienti\" class=\"knsl-work-category\">Ambienti condivisi<\/a>\n                    <a href=\"#\" data-filter=\".camere\" class=\"knsl-work-category\">Camere<\/a>\n                  <\/div>\n        \n                <div class=\"knsl-masonry-grid knsl-3-col\">\n          <div class=\"knsl-grid-sizer\"><\/div>\n\n          \n\n<div class=\"knsl-masonry-grid-item knsl-masonry-grid-item-33 ambienti \">\n\t\t<!-- gallery item -->\n\t<a data-magnific-open-gallery href=\"#gallery-677\" class=\"knsl-gallery-item\">\n\t\t<img decoding=\"async\" src=\"https:\/\/www.herosgardenrelais.com\/wp-content\/uploads\/2025\/10\/Immagine-WhatsApp-2025-05-26-ore-20.43.17_cf5f38ee-950x635.jpg\" alt=\"Relais 5\" \/>\n\t\t<span class=\"knsl-zoom\"><i class=\"fas fa-images\"><\/i><\/span>\n\t<\/a>\n\t\t<div id=\"gallery-677\" class=\"mfp-hide\">\n\t\t\t\t\t\t<a href=\"https:\/\/www.herosgardenrelais.com\/wp-content\/uploads\/2024\/05\/IMG-20240517-WA0024.jpg\"><\/a>\n\t\t\t\t\t\t<a href=\"https:\/\/www.herosgardenrelais.com\/wp-content\/uploads\/2024\/05\/IMG-20240514-WA0011.jpg\"><\/a>\n\t\t\t\t\t\t<a href=\"https:\/\/www.herosgardenrelais.com\/wp-content\/uploads\/2024\/05\/IMG-20240517-WA0029.jpg\"><\/a>\n\t\t\t\t\t\t<a href=\"https:\/\/www.herosgardenrelais.com\/wp-content\/uploads\/2025\/10\/Immagine-WhatsApp-2025-05-26-ore-20.43.16_13e0d49e-1920x1282.jpg\"><\/a>\n\t\t\t<\/div>\n\t\t\t<!-- gallery item end -->\n\t<\/div>\n\n\n<div class=\"knsl-masonry-grid-item knsl-masonry-grid-item-33 camere \">\n\t\t<!-- gallery item -->\n\t<a data-media-image data-elementor-lightbox-slideshow=\"gallery-grid\" data-elementor-lightbox-title=\"Camera 6\" href=\"https:\/\/www.herosgardenrelais.com\/wp-content\/uploads\/2021\/12\/Veio15-1920x1283.jpg\" class=\"knsl-gallery-item\">\n\t\t<img decoding=\"async\" src=\"https:\/\/www.herosgardenrelais.com\/wp-content\/uploads\/2021\/12\/Veio15-950x635.jpg\" alt=\"Camera 6\" \/>\n\t\t<span class=\"knsl-zoom\"><i class=\"fas fa-search-plus\"><\/i><\/span>\n\t<\/a>\n\t\t\t<!-- gallery item end -->\n\t<\/div>\n\n\n<div class=\"knsl-masonry-grid-item knsl-masonry-grid-item-33 camere \">\n\t\t<!-- gallery item -->\n\t<a data-media-image data-elementor-lightbox-slideshow=\"gallery-grid\" data-elementor-lightbox-title=\"Camera 5\" href=\"https:\/\/www.herosgardenrelais.com\/wp-content\/uploads\/2021\/12\/SCIARRA-1-1920x1283.jpg\" class=\"knsl-gallery-item\">\n\t\t<img decoding=\"async\" src=\"https:\/\/www.herosgardenrelais.com\/wp-content\/uploads\/2021\/12\/SCIARRA-1-950x635.jpg\" alt=\"Camera 5\" \/>\n\t\t<span class=\"knsl-zoom\"><i class=\"fas fa-search-plus\"><\/i><\/span>\n\t<\/a>\n\t\t\t<!-- gallery item end -->\n\t<\/div>\n\n\n<div class=\"knsl-masonry-grid-item knsl-masonry-grid-item-33 camere \">\n\t\t<!-- gallery item -->\n\t<a data-media-image data-elementor-lightbox-slideshow=\"gallery-grid\" data-elementor-lightbox-title=\"Camera 4\" href=\"https:\/\/www.herosgardenrelais.com\/wp-content\/uploads\/2021\/12\/PAMPHILI-1-1920x1283.jpg\" class=\"knsl-gallery-item knsl-scroll-animation\">\n\t\t<img decoding=\"async\" src=\"https:\/\/www.herosgardenrelais.com\/wp-content\/uploads\/2021\/12\/PAMPHILI-1-950x635.jpg\" alt=\"Camera 4\" \/>\n\t\t<span class=\"knsl-zoom\"><i class=\"fas fa-search-plus\"><\/i><\/span>\n\t<\/a>\n\t\t\t<!-- gallery item end -->\n\t<\/div>\n\n\n<div class=\"knsl-masonry-grid-item knsl-masonry-grid-item-33 camere \">\n\t\t<!-- gallery item -->\n\t<a data-media-image data-elementor-lightbox-slideshow=\"gallery-grid\" data-elementor-lightbox-title=\"Camera 3\" href=\"https:\/\/www.herosgardenrelais.com\/wp-content\/uploads\/2021\/12\/Glori12-1920x1283.jpg\" class=\"knsl-gallery-item knsl-scroll-animation\">\n\t\t<img decoding=\"async\" src=\"https:\/\/www.herosgardenrelais.com\/wp-content\/uploads\/2021\/12\/Glori12-950x635.jpg\" alt=\"Camera 3\" \/>\n\t\t<span class=\"knsl-zoom\"><i class=\"fas fa-search-plus\"><\/i><\/span>\n\t<\/a>\n\t\t\t<!-- gallery item end -->\n\t<\/div>\n\n\n<div class=\"knsl-masonry-grid-item knsl-masonry-grid-item-33 camere \">\n\t\t<!-- gallery item -->\n\t<a data-media-image data-elementor-lightbox-slideshow=\"gallery-grid\" data-elementor-lightbox-title=\"Camera 2\" href=\"https:\/\/www.herosgardenrelais.com\/wp-content\/uploads\/2021\/12\/BORGHESE.2-1920x1283.jpg\" class=\"knsl-gallery-item knsl-scroll-animation\">\n\t\t<img decoding=\"async\" src=\"https:\/\/www.herosgardenrelais.com\/wp-content\/uploads\/2021\/12\/BORGHESE.2-950x635.jpg\" alt=\"Camera 2\" \/>\n\t\t<span class=\"knsl-zoom\"><i class=\"fas fa-search-plus\"><\/i><\/span>\n\t<\/a>\n\t\t\t<!-- gallery item end -->\n\t<\/div>\n\n\n<div class=\"knsl-masonry-grid-item knsl-masonry-grid-item-33 camere \">\n\t\t<!-- gallery item -->\n\t<a data-media-image data-elementor-lightbox-slideshow=\"gallery-grid\" data-elementor-lightbox-title=\"Camera 1\" href=\"https:\/\/www.herosgardenrelais.com\/wp-content\/uploads\/2021\/12\/Ada-min-min-1-1920x1282.jpg\" class=\"knsl-gallery-item knsl-scroll-animation\">\n\t\t<img decoding=\"async\" src=\"https:\/\/www.herosgardenrelais.com\/wp-content\/uploads\/2021\/12\/Ada-min-min-1-950x634.jpg\" alt=\"Camera 1\" \/>\n\t\t<span class=\"knsl-zoom\"><i class=\"fas fa-search-plus\"><\/i><\/span>\n\t<\/a>\n\t\t\t<!-- gallery item end -->\n\t<\/div>\n\n\n<div class=\"knsl-masonry-grid-item knsl-masonry-grid-item-33 ambienti \">\n\t\t<!-- gallery item -->\n\t<a data-media-image data-elementor-lightbox-slideshow=\"gallery-grid\" data-elementor-lightbox-title=\"Relais 6\" href=\"https:\/\/www.herosgardenrelais.com\/wp-content\/uploads\/2025\/10\/Piscina-4-1920x1282.jpg\" class=\"knsl-gallery-item knsl-scroll-animation\">\n\t\t<img decoding=\"async\" src=\"https:\/\/www.herosgardenrelais.com\/wp-content\/uploads\/2025\/10\/Piscina-4-950x634.jpg\" alt=\"Relais 6\" \/>\n\t\t<span class=\"knsl-zoom\"><i class=\"fas fa-search-plus\"><\/i><\/span>\n\t<\/a>\n\t\t\t<!-- gallery item end -->\n\t<\/div>\n\n\n<div class=\"knsl-masonry-grid-item knsl-masonry-grid-item-33 ambienti \">\n\t\t<!-- gallery item -->\n\t<a data-media-image data-elementor-lightbox-slideshow=\"gallery-grid\" data-elementor-lightbox-title=\"Relais 4\" href=\"https:\/\/www.herosgardenrelais.com\/wp-content\/uploads\/2024\/06\/Piscina-2-1920x1283.jpg\" class=\"knsl-gallery-item knsl-scroll-animation\">\n\t\t<img decoding=\"async\" src=\"https:\/\/www.herosgardenrelais.com\/wp-content\/uploads\/2024\/06\/Piscina-2-950x635.jpg\" alt=\"Relais 4\" \/>\n\t\t<span class=\"knsl-zoom\"><i class=\"fas fa-search-plus\"><\/i><\/span>\n\t<\/a>\n\t\t\t<!-- gallery item end -->\n\t<\/div>\n\n\n<div class=\"knsl-masonry-grid-item knsl-masonry-grid-item-33 ambienti \">\n\t\t<!-- gallery item -->\n\t<a data-media-image data-elementor-lightbox-slideshow=\"gallery-grid\" data-elementor-lightbox-title=\"Relais 3\" href=\"https:\/\/www.herosgardenrelais.com\/wp-content\/uploads\/2025\/10\/DJI_0694-1920x1280.jpg\" class=\"knsl-gallery-item knsl-scroll-animation\">\n\t\t<img decoding=\"async\" src=\"https:\/\/www.herosgardenrelais.com\/wp-content\/uploads\/2025\/10\/DJI_0694-950x633.jpg\" alt=\"Relais 3\" \/>\n\t\t<span class=\"knsl-zoom\"><i class=\"fas fa-search-plus\"><\/i><\/span>\n\t<\/a>\n\t\t\t<!-- gallery item end -->\n\t<\/div>\n\n\n<div class=\"knsl-masonry-grid-item knsl-masonry-grid-item-33 ambienti \">\n\t\t<!-- gallery item -->\n\t<a data-media-image data-elementor-lightbox-slideshow=\"gallery-grid\" data-elementor-lightbox-title=\"Relais 2\" href=\"https:\/\/www.herosgardenrelais.com\/wp-content\/uploads\/2024\/06\/Sala-Colazioni-1920x1283.jpg\" class=\"knsl-gallery-item knsl-scroll-animation\">\n\t\t<img decoding=\"async\" src=\"https:\/\/www.herosgardenrelais.com\/wp-content\/uploads\/2024\/06\/Sala-Colazioni-950x635.jpg\" alt=\"Relais 2\" \/>\n\t\t<span class=\"knsl-zoom\"><i class=\"fas fa-search-plus\"><\/i><\/span>\n\t<\/a>\n\t\t\t<!-- gallery item end -->\n\t<\/div>\n\n\n<div class=\"knsl-masonry-grid-item knsl-masonry-grid-item-33 ambienti \">\n\t\t<!-- gallery item -->\n\t<a data-media-image data-elementor-lightbox-slideshow=\"gallery-grid\" data-elementor-lightbox-title=\"Relais 1\" href=\"https:\/\/www.herosgardenrelais.com\/wp-content\/uploads\/2024\/05\/IMG-20240517-WA0024.jpg\" class=\"knsl-gallery-item knsl-scroll-animation\">\n\t\t<img decoding=\"async\" src=\"https:\/\/www.herosgardenrelais.com\/wp-content\/uploads\/2024\/05\/IMG-20240517-WA0024-950x634.jpg\" alt=\"Relais 1\" \/>\n\t\t<span class=\"knsl-zoom\"><i class=\"fas fa-search-plus\"><\/i><\/span>\n\t<\/a>\n\t\t\t<!-- gallery item end -->\n\t<\/div>\n\n\n<div class=\"knsl-masonry-grid-item knsl-masonry-grid-item-33 ambienti \">\n\t\t<!-- gallery item -->\n\t<a data-media-image data-elementor-lightbox-slideshow=\"gallery-grid\" data-elementor-lightbox-title=\"Piscina 6\" href=\"https:\/\/www.herosgardenrelais.com\/wp-content\/uploads\/2025\/11\/Sala-Camino-1920x1283.jpg\" class=\"knsl-gallery-item knsl-scroll-animation\">\n\t\t<img decoding=\"async\" src=\"https:\/\/www.herosgardenrelais.com\/wp-content\/uploads\/2025\/11\/Sala-Camino-950x635.jpg\" alt=\"Piscina 6\" \/>\n\t\t<span class=\"knsl-zoom\"><i class=\"fas fa-search-plus\"><\/i><\/span>\n\t<\/a>\n\t\t\t<!-- gallery item end -->\n\t<\/div>\n        <\/div>\n\n        \n  \t\t\t\n  \t\t\t\n        \n\t     <\/div>\n    <!-- gallery end -->\n\n\t\t\t\t\t\t<\/div>\n\t\t\t\t<\/div>\n\t\t\t\t<\/div>\n\t\t\t\t\t<\/div>\n\t\t\t\t<\/div>\n\t\t\t\t<\/div>\n\t\t<div class=\"elementor-element elementor-element-8d4e9f3 e-con-full e-flex e-con e-parent\" data-id=\"8d4e9f3\" data-element_type=\"container\">\n\t\t<div class=\"elementor-element elementor-element-cf6481b e-con-full e-flex e-con e-child\" data-id=\"cf6481b\" data-element_type=\"container\">\n\t\t<div class=\"elementor-element elementor-element-086f34a e-flex e-con-boxed e-con e-child\" data-id=\"086f34a\" data-element_type=\"container\" data-settings=\"{&quot;background_background&quot;:&quot;classic&quot;}\">\n\t\t\t\t\t<div class=\"e-con-inner\">\n\t\t<div class=\"elementor-element elementor-element-0ce6199 e-con-full e-flex e-con e-child\" data-id=\"0ce6199\" data-element_type=\"container\">\n\t\t\t\t<div class=\"elementor-element elementor-element-658380c elementor-widget elementor-widget-kinsley-section-heading-two\" data-id=\"658380c\" data-element_type=\"widget\" data-widget_type=\"kinsley-section-heading-two.default\">\n\t\t\t\t<div class=\"elementor-widget-container\">\n\t\t\t\t\t\n\t\t\t\t<div class=\"knsl-subtitle-two knsl-mb-20\">\n\t\t\t<span >\n\t\t\t\tCHIAMACI ORA\t\t\t<\/span>\n\t\t<\/div>\n\t\t\t\t\t\t<h2 class=\"knsl-title-two knsl-mb-30\">\n\t\t\t<span >\n\t\t\t\tUn'oasi di tranquillit\u00e0 per<br> <em><strong>rigenerare mente e corpo.<\/strong><\/em>\t\t\t<\/span>\n\t\t<\/h2>\n\t\t\t\t\t\t<div class=\"knsl-description-two\">\n\t\t\t<div >\n\t\t\t\tAll'incantevole Hero's Garden Relais a Roma, non solo ti invitiamo a goderti la bellezza naturale di Roma e le emozionanti attivit\u00e0 di questa citt\u00e0 eterna, ma ti offriamo anche un'esperienza unica: l'opportunit\u00e0 di scoprire le cantine locali e assaggiare vini di alta qualit\u00e0.\t\t\t<\/div>\n\t\t<\/div>\n\t\t\n\t\t\t\t\t\t<\/div>\n\t\t\t\t<\/div>\n\t\t\t\t<div class=\"elementor-element elementor-element-0a4582c elementor-align-center elementor-widget elementor-widget-button\" data-id=\"0a4582c\" data-element_type=\"widget\" data-widget_type=\"button.default\">\n\t\t\t\t<div class=\"elementor-widget-container\">\n\t\t\t\t\t\t\t\t\t<div class=\"elementor-button-wrapper\">\n\t\t\t\t\t<a class=\"elementor-button elementor-button-link elementor-size-xl\" href=\"\/rooms\/\">\n\t\t\t\t\t\t<span class=\"elementor-button-content-wrapper\">\n\t\t\t\t\t\t\t\t\t<span class=\"elementor-button-text\">Esplora le camere<\/span>\n\t\t\t\t\t<\/span>\n\t\t\t\t\t<\/a>\n\t\t\t\t<\/div>\n\t\t\t\t\t\t\t\t<\/div>\n\t\t\t\t<\/div>\n\t\t\t\t<\/div>\n\t\t\t\t\t<\/div>\n\t\t\t\t<\/div>\n\t\t\t\t<\/div>\n\t\t\t\t<\/div>\n\t\t\t\t<\/div>\n\t\t","protected":false},"excerpt":{"rendered":"<p>Photo Gallery Esplora la nostra photogallery e lasciati incantare dalla bellezza senza tempo del&#8230; <span class=\"knsl-el-more\"><a href=\"https:\/\/www.herosgardenrelais.com\/it\/gallery\/item\/piscina-6-2\/\" class=\"knsl-btn\">Read more<span class=\"screen-reader-text\">Read more&nbsp;Piscina 6<\/span><\/a><\/span><\/p>\n","protected":false},"author":1,"featured_media":0,"parent":0,"menu_order":0,"comment_status":"closed","ping_status":"closed","template":"template-layout-builder.php","meta":{"_acf_changed":false,"footnotes":""},"class_list":["post-635","page","type-page","status-publish","hentry"],"acf":[],"aioseo_notices":[],"_links":{"self":[{"href":"https:\/\/www.herosgardenrelais.com\/it\/wp-json\/wp\/v2\/pages\/635","targetHints":{"allow":["GET"]}}],"collection":[{"href":"https:\/\/www.herosgardenrelais.com\/it\/wp-json\/wp\/v2\/pages"}],"about":[{"href":"https:\/\/www.herosgardenrelais.com\/it\/wp-json\/wp\/v2\/types\/page"}],"author":[{"embeddable":true,"href":"https:\/\/www.herosgardenrelais.com\/it\/wp-json\/wp\/v2\/users\/1"}],"replies":[{"embeddable":true,"href":"https:\/\/www.herosgardenrelais.com\/it\/wp-json\/wp\/v2\/comments?post=635"}],"version-history":[{"count":28,"href":"https:\/\/www.herosgardenrelais.com\/it\/wp-json\/wp\/v2\/pages\/635\/revisions"}],"predecessor-version":[{"id":14843,"href":"https:\/\/www.herosgardenrelais.com\/it\/wp-json\/wp\/v2\/pages\/635\/revisions\/14843"}],"wp:attachment":[{"href":"https:\/\/www.herosgardenrelais.com\/it\/wp-json\/wp\/v2\/media?parent=635"}],"curies":[{"name":"wp","href":"https:\/\/api.w.org\/{rel}","templated":true}]}}