{"id":352,"date":"2021-12-11T02:09:37","date_gmt":"2021-12-11T02:09:37","guid":{"rendered":"https:\/\/kinsley-demo.bslthemes.com\/?page_id=352"},"modified":"2025-10-16T14:29:11","modified_gmt":"2025-10-16T12:29:11","slug":"contatti","status":"publish","type":"page","link":"https:\/\/www.herosgardenrelais.com\/it\/contatti\/","title":{"rendered":"Contatti"},"content":{"rendered":"\t\t<div data-elementor-type=\"wp-page\" data-elementor-id=\"352\" class=\"elementor elementor-352\" data-elementor-post-type=\"page\">\n\t\t\t\t<div class=\"elementor-element elementor-element-3746616 e-con-full e-flex e-con e-parent\" data-id=\"3746616\" data-element_type=\"container\">\n\t\t<div class=\"elementor-element elementor-element-0fd19ab e-con-full e-flex e-con e-child\" data-id=\"0fd19ab\" data-element_type=\"container\">\n\t\t<div class=\"elementor-element elementor-element-6277e34 e-con-full e-flex e-con e-child\" data-id=\"6277e34\" data-element_type=\"container\">\n\t\t\t\t<div class=\"elementor-element elementor-element-fb30912 elementor-widget elementor-widget-kinsley-intro\" data-id=\"fb30912\" data-element_type=\"widget\" data-widget_type=\"kinsley-intro.default\">\n\t\t\t\t<div class=\"elementor-widget-container\">\n\t\t\t\t\t\n    <!-- banner -->\n    <section class=\"knsl-banner-simple knsl-transition-bottom\">\n      \n\t  \n      <div class=\"container\">\n        <div class=\"row\">\n          <div class=\"col-lg-12\">\n\n            <div class=\"knsl-center knsl-title-frame\">\n                            <h1 class=\"knsl-title--h knsl-mb-20 knsl-h1-inner\">\n                <span >\n                    Possiamo aiutarti a gestire la tua prenotazione                <\/span>\n              <\/h1>\n                                          <p class=\"knsl-text knsl-mb-30\">\n                <span >\n                    Se avete domande, richieste particolari o semplicemente volete contattarci, non esitate a farlo.                <\/span>\n              <\/p>\n              \n              \n            <\/div>\n\n          <\/div>\n        <\/div>\n      <\/div>\n    <\/section>\n    <!-- banner end -->\n\n\t\t\t\t\t\t<\/div>\n\t\t\t\t<\/div>\n\t\t\t\t<\/div>\n\t\t\t\t<\/div>\n\t\t\t\t<\/div>\n\t\t<div class=\"elementor-element elementor-element-44227ad e-con-full e-flex e-con e-parent\" data-id=\"44227ad\" data-element_type=\"container\">\n\t\t<div class=\"elementor-element elementor-element-5f897d1 e-flex e-con-boxed e-con e-child\" data-id=\"5f897d1\" data-element_type=\"container\">\n\t\t\t\t\t<div class=\"e-con-inner\">\n\t\t<div class=\"elementor-element elementor-element-a3ada34 e-con-full e-flex e-con e-child\" data-id=\"a3ada34\" data-element_type=\"container\" data-settings=\"{&quot;background_background&quot;:&quot;classic&quot;}\">\n\t\t\t\t<\/div>\n\t\t\t\t\t<\/div>\n\t\t\t\t<\/div>\n\t\t\t\t<\/div>\n\t\t<div class=\"elementor-element elementor-element-50765ec e-con-full e-flex e-con e-parent\" data-id=\"50765ec\" data-element_type=\"container\">\n\t\t<div class=\"elementor-element elementor-element-429905e e-flex e-con-boxed e-con e-child\" data-id=\"429905e\" data-element_type=\"container\">\n\t\t\t\t\t<div class=\"e-con-inner\">\n\t\t<div class=\"elementor-element elementor-element-e7b3d36 e-con-full e-flex e-con e-child\" data-id=\"e7b3d36\" data-element_type=\"container\">\n\t\t\t\t<div class=\"elementor-element elementor-element-e5675a8 elementor-widget elementor-widget-kinsley-section-heading-two\" data-id=\"e5675a8\" data-element_type=\"widget\" data-widget_type=\"kinsley-section-heading-two.default\">\n\t\t\t\t<div class=\"elementor-widget-container\">\n\t\t\t\t\t\n\t\t\t\t<div class=\"knsl-subtitle-two knsl-mb-20\">\n\t\t\t<span >\n\t\t\t\tSERVIZIO CLIENTI\t\t\t<\/span>\n\t\t<\/div>\n\t\t\t\t\t\t<h2 class=\"knsl-title-two knsl-mb-30\">\n\t\t\t<span >\n\t\t\t\tSiamo a completa <em><strong>Disposizione!<\/strong><\/em>\t\t\t<\/span>\n\t\t<\/h2>\n\t\t\t\t\t\t<div class=\"knsl-description-two\">\n\t\t\t<div >\n\t\t\t\tSiamo qui per assicurarci che il tuo soggiorno presso Hero's Garden Relais sia eccezionale. Di seguito troverai le nostre opzioni di contatto:\t\t\t<\/div>\n\t\t<\/div>\n\t\t\n\t\t\t\t\t\t<\/div>\n\t\t\t\t<\/div>\n\t\t\t\t<div class=\"elementor-element elementor-element-532266e elementor-widget elementor-widget-heading\" data-id=\"532266e\" data-element_type=\"widget\" data-widget_type=\"heading.default\">\n\t\t\t\t<div class=\"elementor-widget-container\">\n\t\t\t\t\t<h4 class=\"elementor-heading-title elementor-size-default\">Contattaci ai numeri:<\/h4>\t\t\t\t<\/div>\n\t\t\t\t<\/div>\n\t\t\t\t<div class=\"elementor-element elementor-element-d5682ce elementor-widget elementor-widget-text-editor\" data-id=\"d5682ce\" data-element_type=\"widget\" data-widget_type=\"text-editor.default\">\n\t\t\t\t<div class=\"elementor-widget-container\">\n\t\t\t\t\t\t\t\t\t<p><a href=\"tel:+393489845669\"><span class=\"elementor-icon-list-text\">+39 3489845669<\/span><\/a><\/p><p><a href=\"tel:+393491992498\"><span class=\"elementor-icon-list-text\">+39 3491992498<\/span><\/a><\/p>\t\t\t\t\t\t\t\t<\/div>\n\t\t\t\t<\/div>\n\t\t\t\t<\/div>\n\t\t<div class=\"elementor-element elementor-element-ea9eb2d e-con-full e-flex e-con e-child\" data-id=\"ea9eb2d\" data-element_type=\"container\">\n\t\t\t\t<\/div>\n\t\t<div class=\"elementor-element elementor-element-95688d5 e-con-full e-flex e-con e-child\" data-id=\"95688d5\" data-element_type=\"container\">\n\t\t\t\t<div class=\"elementor-element elementor-element-68f2322 elementor-widget elementor-widget-image\" data-id=\"68f2322\" data-element_type=\"widget\" data-widget_type=\"image.default\">\n\t\t\t\t<div class=\"elementor-widget-container\">\n\t\t\t\t\t\t\t\t\t\t\t\t\t\t\t<img decoding=\"async\" src=\"https:\/\/www.herosgardenrelais.com\/wp-content\/uploads\/elementor\/thumbs\/Immagine-WhatsApp-2025-05-26-ore-20.43.17_cff9c0f3-scaled-rd6wft8su7t59o8t8pmnscrtwnuwetfu2rwg0v68sw.jpg\" title=\"Immagine WhatsApp 2025-05-26 ore 20.43.17_cff9c0f3\" alt=\"Immagine WhatsApp 2025-05-26 ore 20.43.17_cff9c0f3\" loading=\"lazy\" \/>\t\t\t\t\t\t\t\t\t\t\t\t\t\t\t<\/div>\n\t\t\t\t<\/div>\n\t\t\t\t<\/div>\n\t\t\t\t\t<\/div>\n\t\t\t\t<\/div>\n\t\t\t\t<\/div>\n\t\t<div class=\"elementor-element elementor-element-91e8dbd e-con-full e-flex e-con e-parent\" data-id=\"91e8dbd\" data-element_type=\"container\" data-settings=\"{&quot;background_background&quot;:&quot;classic&quot;}\">\n\t\t<div class=\"elementor-element elementor-element-23a91ae e-con-full e-flex e-con e-child\" data-id=\"23a91ae\" data-element_type=\"container\" data-settings=\"{&quot;background_background&quot;:&quot;classic&quot;}\">\n\t\t<div class=\"elementor-element elementor-element-aef026c e-con-full e-flex e-con e-child\" data-id=\"aef026c\" data-element_type=\"container\">\n\t\t\t\t<div class=\"elementor-element elementor-element-d6cf90b elementor-widget elementor-widget-kinsley-section-heading-two\" data-id=\"d6cf90b\" data-element_type=\"widget\" data-widget_type=\"kinsley-section-heading-two.default\">\n\t\t\t\t<div class=\"elementor-widget-container\">\n\t\t\t\t\t\n\t\t\t\t<div class=\"knsl-subtitle-two knsl-mb-20\">\n\t\t\t<span >\n\t\t\t\tMODULO DI CONTATTO\t\t\t<\/span>\n\t\t<\/div>\n\t\t\t\t\t\t<h2 class=\"knsl-title-two knsl-mb-30\">\n\t\t\t<span >\n\t\t\t\tScrivici\t\t\t<\/span>\n\t\t<\/h2>\n\t\t\t\t\n\t\t\t\t\t\t<\/div>\n\t\t\t\t<\/div>\n\t\t\t\t<\/div>\n\t\t<div class=\"elementor-element elementor-element-dffe574 e-con-full e-flex e-con e-child\" data-id=\"dffe574\" data-element_type=\"container\">\n\t\t\t\t<div class=\"elementor-element elementor-element-a68f6b5 elementor-widget elementor-widget-shortcode\" data-id=\"a68f6b5\" data-element_type=\"widget\" data-widget_type=\"shortcode.default\">\n\t\t\t\t<div class=\"elementor-widget-container\">\n\t\t\t\t\t\t\t<div class=\"elementor-shortcode\">\n<div class=\"wpcf7 no-js\" id=\"wpcf7-f384-o1\" lang=\"en-US\" dir=\"ltr\" data-wpcf7-id=\"384\">\n<div class=\"screen-reader-response\"><p role=\"status\" aria-live=\"polite\" aria-atomic=\"true\"><\/p> <ul><\/ul><\/div>\n<form action=\"\/it\/wp-json\/wp\/v2\/pages\/352#wpcf7-f384-o1\" method=\"post\" class=\"wpcf7-form init\" aria-label=\"Contact form\" novalidate=\"novalidate\" data-status=\"init\">\n<fieldset class=\"hidden-fields-container\"><input type=\"hidden\" name=\"_wpcf7\" value=\"384\" \/><input type=\"hidden\" name=\"_wpcf7_version\" value=\"6.1.4\" \/><input type=\"hidden\" name=\"_wpcf7_locale\" value=\"en_US\" \/><input type=\"hidden\" name=\"_wpcf7_unit_tag\" value=\"wpcf7-f384-o1\" \/><input type=\"hidden\" name=\"_wpcf7_container_post\" value=\"0\" \/><input type=\"hidden\" name=\"_wpcf7_posted_data_hash\" value=\"\" \/>\n<\/fieldset>\n<div class=\"row\">\n  <div class=\"col-lg-6 knsl-mb-10\">\n    <label class=\"knsl-two-label\">Nome Completo <strong>*<\/strong><\/label>\n    <span class=\"wpcf7-form-control-wrap\" data-name=\"cf-name\"><input size=\"40\" maxlength=\"400\" class=\"wpcf7-form-control wpcf7-text wpcf7-validates-as-required\" aria-required=\"true\" aria-invalid=\"false\" placeholder=\"Nome\" value=\"\" type=\"text\" name=\"cf-name\" \/><\/span>\n  <\/div>\n  <div class=\"col-lg-6 knsl-mb-10\">\n    <label class=\"knsl-two-label\">Indirizzo Email <strong>*<\/strong><\/label>\n    <span class=\"wpcf7-form-control-wrap\" data-name=\"cf-email\"><input size=\"40\" maxlength=\"400\" class=\"wpcf7-form-control wpcf7-email wpcf7-validates-as-required wpcf7-text wpcf7-validates-as-email\" aria-required=\"true\" aria-invalid=\"false\" placeholder=\"Email\" value=\"\" type=\"email\" name=\"cf-email\" \/><\/span>\n  <\/div>\n  <div class=\"col-lg-12 knsl-mb-10\">\n    <label class=\"knsl-two-label\">Numero di telefono <strong>*<\/strong><\/label>\n    <span class=\"wpcf7-form-control-wrap\" data-name=\"cf-phone\"><input size=\"40\" maxlength=\"400\" class=\"wpcf7-form-control wpcf7-tel wpcf7-validates-as-required wpcf7-text wpcf7-validates-as-tel\" aria-required=\"true\" aria-invalid=\"false\" placeholder=\"Telefono\" value=\"\" type=\"tel\" name=\"cf-phone\" \/><\/span>\n  <\/div>\n  <div class=\"col-lg-12 knsl-mb-30\">\n    <label class=\"knsl-two-label\">Come preferisci essere contattato? <strong>*<\/strong><\/label>\n    <span class=\"wpcf7-form-control-wrap\" data-name=\"cf-radio-contact\"><span class=\"wpcf7-form-control wpcf7-radio knsl-two-radio\"><span class=\"wpcf7-list-item first\"><label><input type=\"radio\" name=\"cf-radio-contact\" value=\"Email\" checked=\"checked\" \/><span class=\"wpcf7-list-item-label\">Email<\/span><\/label><\/span><span class=\"wpcf7-list-item last\"><label><input type=\"radio\" name=\"cf-radio-contact\" value=\"Telefono\" \/><span class=\"wpcf7-list-item-label\">Telefono<\/span><\/label><\/span><\/span><\/span>\n  <\/div>\n  <div class=\"col-lg-12 knsl-mb-10\">\n    <label class=\"knsl-two-label\">Messaggio<strong>*<\/strong><\/label>\n    <span class=\"wpcf7-form-control-wrap\" data-name=\"cf-message\"><textarea cols=\"40\" rows=\"10\" maxlength=\"2000\" class=\"wpcf7-form-control wpcf7-textarea wpcf7-validates-as-required\" aria-required=\"true\" aria-invalid=\"false\" placeholder=\"Scrivi qui...\" name=\"cf-message\"><\/textarea><\/span>\n  <\/div>\n  <div class=\"col-lg-12 knsl-mb-40\">\n    <span class=\"wpcf7-form-control-wrap\" data-name=\"cf-checkbox-confirm\"><span class=\"wpcf7-form-control wpcf7-checkbox wpcf7-validates-as-required knsl-two-checkbox\"><span class=\"wpcf7-list-item first last\"><label><input type=\"checkbox\" name=\"cf-checkbox-confirm[]\" value=\"Accetto che i miei dati personali vengano elaborati in conformit\u00e0 con la nostra Informativa sulla privacy.\" \/><span class=\"wpcf7-list-item-label\">Accetto che i miei dati personali vengano elaborati in conformit\u00e0 con la nostra Informativa sulla privacy.<\/span><\/label><\/span><\/span><\/span>\n  <\/div>\n  <div class=\"col-lg-12\">\n    <button type=\"submit\" class=\"knsl-btn\">Invia messaggio<\/button>\n  <\/div>\n<\/div><div class=\"wpcf7-response-output\" aria-hidden=\"true\"><\/div>\n<\/form>\n<\/div>\n<\/div>\n\t\t\t\t\t\t<\/div>\n\t\t\t\t<\/div>\n\t\t\t\t<\/div>\n\t\t\t\t<\/div>\n\t\t\t\t<\/div>\n\t\t<div class=\"elementor-element elementor-element-f43523c e-con-full e-flex e-con e-parent\" data-id=\"f43523c\" data-element_type=\"container\">\n\t\t<div class=\"elementor-element elementor-element-e11bfba e-flex e-con-boxed e-con e-child\" data-id=\"e11bfba\" data-element_type=\"container\" data-settings=\"{&quot;background_background&quot;:&quot;classic&quot;}\">\n\t\t\t\t\t<div class=\"e-con-inner\">\n\t\t<div class=\"elementor-element elementor-element-0c3abbb e-con-full e-flex e-con e-child\" data-id=\"0c3abbb\" data-element_type=\"container\">\n\t\t\t\t<div class=\"elementor-element elementor-element-058ee3d elementor-widget elementor-widget-kinsley-section-heading-two\" data-id=\"058ee3d\" data-element_type=\"widget\" data-widget_type=\"kinsley-section-heading-two.default\">\n\t\t\t\t<div class=\"elementor-widget-container\">\n\t\t\t\t\t\n\t\t\t\t<div class=\"knsl-subtitle-two knsl-mb-20\">\n\t\t\t<span >\n\t\t\t\tCHIAMACI ORA\t\t\t<\/span>\n\t\t<\/div>\n\t\t\t\t\t\t<h2 class=\"knsl-title-two knsl-mb-30\">\n\t\t\t<span >\n\t\t\t\tUn'oasi di tranquillit\u00e0 per<br> <em><strong>rigenerare mente e corpo.<\/strong><\/em>\t\t\t<\/span>\n\t\t<\/h2>\n\t\t\t\t\t\t<div class=\"knsl-description-two\">\n\t\t\t<div >\n\t\t\t\tAll'incantevole Hero's Garden Relais a Roma, non solo ti invitiamo a goderti la bellezza naturale di Roma e le emozionanti attivit\u00e0 di questa citt\u00e0 eterna, ma ti offriamo anche un'esperienza unica: l'opportunit\u00e0 di scoprire le cantine locali e assaggiare vini di alta qualit\u00e0.\t\t\t<\/div>\n\t\t<\/div>\n\t\t\n\t\t\t\t\t\t<\/div>\n\t\t\t\t<\/div>\n\t\t\t\t<div class=\"elementor-element elementor-element-3e66646 elementor-align-center elementor-widget elementor-widget-button\" data-id=\"3e66646\" data-element_type=\"widget\" data-widget_type=\"button.default\">\n\t\t\t\t<div class=\"elementor-widget-container\">\n\t\t\t\t\t\t\t\t\t<div class=\"elementor-button-wrapper\">\n\t\t\t\t\t<a class=\"elementor-button elementor-button-link elementor-size-xl\" href=\"\/rooms\/\">\n\t\t\t\t\t\t<span class=\"elementor-button-content-wrapper\">\n\t\t\t\t\t\t\t\t\t<span class=\"elementor-button-text\">Esplora le camere<\/span>\n\t\t\t\t\t<\/span>\n\t\t\t\t\t<\/a>\n\t\t\t\t<\/div>\n\t\t\t\t\t\t\t\t<\/div>\n\t\t\t\t<\/div>\n\t\t\t\t<\/div>\n\t\t\t\t\t<\/div>\n\t\t\t\t<\/div>\n\t\t\t\t<\/div>\n\t\t\t\t<\/div>\n\t\t","protected":false},"excerpt":{"rendered":"<p>Possiamo aiutarti a gestire la tua prenotazione Se avete domande, richieste particolari o semplicemente volete contattarci, non esitate a farlo&#8230;. <span class=\"knsl-el-more\"><a href=\"https:\/\/www.herosgardenrelais.com\/it\/contatti\/\" class=\"knsl-btn\">Read more<span class=\"screen-reader-text\">Read more&nbsp;Contatti<\/span><\/a><\/span><\/p>\n","protected":false},"author":1,"featured_media":0,"parent":0,"menu_order":0,"comment_status":"closed","ping_status":"closed","template":"template-layout-builder.php","meta":{"_acf_changed":false,"footnotes":""},"class_list":["post-352","page","type-page","status-publish","hentry"],"acf":[],"aioseo_notices":[],"_links":{"self":[{"href":"https:\/\/www.herosgardenrelais.com\/it\/wp-json\/wp\/v2\/pages\/352","targetHints":{"allow":["GET"]}}],"collection":[{"href":"https:\/\/www.herosgardenrelais.com\/it\/wp-json\/wp\/v2\/pages"}],"about":[{"href":"https:\/\/www.herosgardenrelais.com\/it\/wp-json\/wp\/v2\/types\/page"}],"author":[{"embeddable":true,"href":"https:\/\/www.herosgardenrelais.com\/it\/wp-json\/wp\/v2\/users\/1"}],"replies":[{"embeddable":true,"href":"https:\/\/www.herosgardenrelais.com\/it\/wp-json\/wp\/v2\/comments?post=352"}],"version-history":[{"count":37,"href":"https:\/\/www.herosgardenrelais.com\/it\/wp-json\/wp\/v2\/pages\/352\/revisions"}],"predecessor-version":[{"id":12924,"href":"https:\/\/www.herosgardenrelais.com\/it\/wp-json\/wp\/v2\/pages\/352\/revisions\/12924"}],"wp:attachment":[{"href":"https:\/\/www.herosgardenrelais.com\/it\/wp-json\/wp\/v2\/media?parent=352"}],"curies":[{"name":"wp","href":"https:\/\/api.w.org\/{rel}","templated":true}]}}