{"id":3,"date":"2024-02-29T13:51:35","date_gmt":"2024-02-29T13:51:35","guid":{"rendered":"https:\/\/www.herosgardenrelais.com\/?page_id=3"},"modified":"2024-06-03T12:37:44","modified_gmt":"2024-06-03T12:37:44","slug":"privacy-policy","status":"publish","type":"page","link":"https:\/\/www.herosgardenrelais.com\/it\/privacy-policy\/","title":{"rendered":"Privacy Policy"},"content":{"rendered":"\n<p><strong>Informativa al cliente ai sensi del GDPR (General Data Protection Regulation) 679\/2016<\/strong><\/p>\n\n\n\n<h2 class=\"wp-block-heading\">Introduzione<\/h2>\n\n\n\n<p>Gentile Cliente,<br>siamo da sempre attenti alla protezione dei dati personali di tutti i nostri Clienti e, per questo motivo, stiamo provvedendo ad implementare un sistema di gestione privacy in ottemperanza ai principi dettati dal nuovo Regolamento relativo alla protezione dei dati personali, applicabile a partire dal 25 maggio 2018.<\/p>\n\n\n\n<h2 class=\"wp-block-heading\">Titolare del trattametno<\/h2>\n\n\n\n<p>Il Titolare del trattamento \u00e8 HERO 2024 S.R.L. &#8211; P.IVA IT1746410109 &#8211; Via di Quarto Annunziata 80\/A, &#8211; 00189 &#8211; Roma<\/p>\n\n\n\n<p>Ai sensi dell&#8217;articolo 13 del Regolamento UE 679\/2016 la Societ\u00e0, in qualit\u00e0 di Titolare del trattamento dei dati, La informa che il trattamento dei dati personali, ed eventualmente delle categorie particolari di dati personali (art. 9 Regolamento UE), suoi e dei suoi figli minori, da Lei forniti saranno trattati in modo pertinente e trasparente e nel rispetto dei principi di liceit\u00e0 e necessit\u00e0 in ottemperanza alle vigenti disposizioni in materia.<\/p>\n\n\n\n<h2 class=\"wp-block-heading\">Finalit\u00e0 del Trattamento<\/h2>\n\n\n\n<p>Il trattamento dei dati personali avverr\u00e0 per finalit\u00e0 istituzionali, connesse o strumentali all&#8217;attivit\u00e0 della nostra Societ\u00e0, e, quindi, per:<\/p>\n\n\n\n<p>a) dare esecuzione al servizio di accoglienza alberghiera, e operazioni conseguenti, ovvero ad una o pi\u00f9 operazioni contrattualmente convenute nell\u2019ambito del HERO 2024 SRL;<\/p>\n\n\n\n<p>b) adempiere ad obblighi di legge di natura fiscale, contabile e amministrativa;<\/p>\n\n\n\n<p>c) adempiere ad esigenze di tipo operativo e gestionale interne alla Societ\u00e0 inerenti al servizio fornito;<\/p>\n\n\n\n<p>d) fornire, mediante e-mail, posta cartacea o contatto telefonico informazioni relative ai prodotti o servizi forniti dalla Societ\u00e0;<\/p>\n\n\n\n<p>e) inviare iniziative commerciali, pubblicitarie e promozionali riservate ai clienti della Societ\u00e0 e attuate dalla Societ\u00e0 stessa ovvero da societ\u00e0 controllate, affiliate o comunque collegate;<\/p>\n\n\n\n<p>f) effettuare attivit\u00e0 di profilazione mediante trattamento dei dati in modalit\u00e0 automatizzata o on line al fine di poter fornire promozioni personalizzate basate sulle scelte e le abitudini dell\u2019utente;<\/p>\n\n\n\n<p>g) trattare i dati di suo figlio\/ dei suoi figli minorenni sui quali esercita responsabilit\u00e0 genitoriale al fine di poter effettuare il servizio di prenotazione e registrazione presso l\u2019albergo.<\/p>\n\n\n\n<h2 class=\"wp-block-heading\">Base giuridica del Trattamento<\/h2>\n\n\n\n<p>La base giuridica del trattamento dei dati \u00e8 voluta dallo specifico rapporto contrattuale instaurato e dallo specifico ed informato consenso dell\u2019interessato.<\/p>\n\n\n\n<h2 class=\"wp-block-heading\">Obbligatoriet\u00e0 e facolt\u00e0 del conferimento dei dati<\/h2>\n\n\n\n<p>Fermo restando che per quanto riguarda il trattamento dei dati preordinato all&#8217;esecuzione del contratto e all&#8217;assolvimento di obblighi legali di cui alla lettera a), b), c) del paragrafo \u201cFinalit\u00e0 del trattamento\u201d non \u00e8 necessario il consenso al trattamento, si precisa che:<\/p>\n\n\n\n<ul class=\"wp-block-list\">\n<li>il conferimento dei dati per le finalit\u00e0 di cui sopra sub lettere a), b), c) \u00e8 facoltativo, ma necessario ai fini dello svolgimento dei servizi alla clientela previsti e il mancato consenso potrebbe avere la conseguenza di non consentire l\u2019effettuazione di tali servizi;<\/li>\n\n\n\n<li>il consenso al trattamento sub lettera d), e), f) \u00e8 libero e facoltativo e in ogni caso l\u2019interessato potr\u00e0 opporsi in ogni momento al trattamento in questione, in maniera agevole e gratuitamente, rivolgendosi al Titolare anche mediante l&#8217;utilizzo della posta elettronica, ottenendo un rapido riscontro che confermi l&#8217;interruzione di tale trattamento; fatto salvo quanto precede, tuttavia, l&#8217;eventuale rifiuto di fornire i dati personali richiesti potr\u00e0 comportare l\u2019impossibilit\u00e0 di essere tempestivamente aggiornati sui servizi offerti dalla nostra societ\u00e0, di usufruire di alcuni vantaggi riservati ai clienti della Societ\u00e0 di ottenere promozioni personalizzate basate sulle scelte e le abitudini dell\u2019utente;<\/li>\n\n\n\n<li>trattare i dati di suo figlio\/ dei suoi figli minorenni sui quali esercita responsabilit\u00e0 genitoriale al fine al fine di poter effettuare il servizio di prenotazione e registrazione presso l\u2019albergo. il conferimento dei dati e il consenso al trattamento per le finalit\u00e0 di cui sopra sub lettera g) \u00e8 obbligatorio ed \u00e8 necessario ai fini dello svolgimento dei servizi nei confronti dei minorenni.<\/li>\n<\/ul>\n\n\n\n<h2 class=\"wp-block-heading\">Modalit\u00e0 del trattamento dei dati<\/h2>\n\n\n\n<p>Il trattamento dei dati personali avverr\u00e0 mediante strumenti cartacei, informatici o telematici e con misure di sicurezza appropriate a garantire la protezione e la riservatezza dei suoi dati personali in ottemperanza al Regolamento UE 679\/2016.<br>Il trasferimento, la conservazione e la elaborazione dei dati dell\u2019utente che sono raccolti attraverso il presente sito sono assicurate attraverso le idonee misure tecniche. Tutte le informazioni dell\u2019utente sono protette con cifratura AES 256 Bit. Inoltre il sito \u00e8 erogato su connessione cifrata HTTPS.<br>I dati degli utenti vengono raccolti, archiviati e conservati su un server sicuro, protetto da firewall e fisicamente locato in una web farm ad accessi controllati. Ogni accesso superutente avviene sotto protezione di cifratura di qualit\u00e0 militare.<\/p>\n\n\n\n<p>Nel rispetto dei principi di proporzionalit\u00e0 e necessit\u00e0, i dati non saranno conservati per periodi pi\u00f9 lunghi rispetto a quelli necessari alla realizzazione delle finalit\u00e0 sopra indicate, al servizio offerto e \/o alle specifiche norme di legge.<\/p>\n\n\n\n<h2 class=\"wp-block-heading\">Destinatari dei dati personali<\/h2>\n\n\n\n<p>I dati raccolti saranno trattati esclusivamente nell\u2019ambito delle finalit\u00e0 sopraddette e potranno essere comunicati a societ\u00e0 controllate, affiliate o comunque collegate al Gruppo, sia in Italia che all\u2019estero esclusivamente per la gestione di servizi offerti. Nel rispetto delle misure di sicurezza adeguate, messe in atto dal Titolare, i Suoi dati e quelli di suo figlio\/ dei suoi figli minori potranno altres\u00ec essere comunicati ad enti di pubblica sicurezza e ad altri soggetti pubblici e privati per l\u2019adempimento di obblighi previsti dalla legge anche di natura fiscale, amministrativa, finanziaria e simili. In nessun caso i dati saranno diffusi.<\/p>\n\n\n\n<p>Per taluni processi, strettamente legati alle finalit\u00e0 di cui alla lettera e), f) del paragrafo \u201cFinalit\u00e0 del Trattamento\u201d, il Titolare potr\u00e0 fornire i dati dell\u2019utente a terze parti in modo pertinente e trasparente secondo le vigenti disposizioni in materia.<\/p>\n\n\n\n<h2 class=\"wp-block-heading\">Diritti dell\u2019interessato<\/h2>\n\n\n\n<p>Il soggetto cui si riferiscono i dati personali potr\u00e0 esercitare i Suoi diritti nei confronti del Titolare del trattamento, ai sensi dell\u2019articolo 15 e seguenti del Regolamento UE 679\/2016, ossia potr\u00e0 ottenere la conferma dell\u2019esistenza dei Suoi dati personali e chiederne la loro comunicazione in forma intelligibile. Altres\u00ec, avr\u00e0 diritto di ottenere l\u2019accesso, l\u2019aggiornamento, la rettificazione, l\u2019integrazione e la cancellazione dei dati o la limitazione del trattamento. Infine avr\u00e0 diritto di opporsi, in tutto o in parte, per motivi legittimi, al trattamento dei Suoi dati personali, ancorch\u00e9 pertinenti allo scopo della raccolta, oltre al diritto alla portabilit\u00e0 dei dati nonch\u00e9 di proporre reclamo all\u2019autorit\u00e0 di controllo, nonch\u00e9 all\u2019invio di materiale pubblicitario o di vendita diretta o per il compimento di ricerche di mercato o di comunicazione commerciale, rivolgendosi al Titolare del trattamento.<\/p>\n\n\n\n<h2 class=\"wp-block-heading\">Cookie Policy<\/h2>\n\n\n\n<p>Per informazioni relative all\u2019utilizzo dei cookie attraverso il sito, si prega l\u2019interessato di leggere la relativa Cookie Policy.<\/p>\n\n\n\n<p>Per qualsiasi ulteriore informazione e per far valere i diritti a lei riconosciuti dal Regolamento europeo, potr\u00e0 rivolgersi a: info@herosgardenrelais.com<\/p>\n","protected":false},"excerpt":{"rendered":"<p>Informativa al cliente ai sensi del GDPR (General Data Protection Regulation) 679\/2016 Introduzione Gentile Cliente,siamo da sempre attenti alla protezione&#8230; <span class=\"knsl-el-more\"><a href=\"https:\/\/www.herosgardenrelais.com\/it\/privacy-policy\/\" class=\"knsl-btn\">Read more<span class=\"screen-reader-text\">Read more&nbsp;Privacy Policy<\/span><\/a><\/span><\/p>\n","protected":false},"author":1,"featured_media":0,"parent":0,"menu_order":0,"comment_status":"closed","ping_status":"open","template":"","meta":{"_acf_changed":false,"footnotes":""},"class_list":["post-3","page","type-page","status-publish","hentry"],"acf":[],"aioseo_notices":[],"_links":{"self":[{"href":"https:\/\/www.herosgardenrelais.com\/it\/wp-json\/wp\/v2\/pages\/3","targetHints":{"allow":["GET"]}}],"collection":[{"href":"https:\/\/www.herosgardenrelais.com\/it\/wp-json\/wp\/v2\/pages"}],"about":[{"href":"https:\/\/www.herosgardenrelais.com\/it\/wp-json\/wp\/v2\/types\/page"}],"author":[{"embeddable":true,"href":"https:\/\/www.herosgardenrelais.com\/it\/wp-json\/wp\/v2\/users\/1"}],"replies":[{"embeddable":true,"href":"https:\/\/www.herosgardenrelais.com\/it\/wp-json\/wp\/v2\/comments?post=3"}],"version-history":[{"count":0,"href":"https:\/\/www.herosgardenrelais.com\/it\/wp-json\/wp\/v2\/pages\/3\/revisions"}],"wp:attachment":[{"href":"https:\/\/www.herosgardenrelais.com\/it\/wp-json\/wp\/v2\/media?parent=3"}],"curies":[{"name":"wp","href":"https:\/\/api.w.org\/{rel}","templated":true}]}}