{"id":12716,"date":"2025-01-14T14:48:11","date_gmt":"2025-01-14T13:48:11","guid":{"rendered":"https:\/\/www.herosgardenrelais.com\/?page_id=12716"},"modified":"2025-01-14T14:48:12","modified_gmt":"2025-01-14T13:48:12","slug":"cookie-policy","status":"publish","type":"page","link":"https:\/\/www.herosgardenrelais.com\/it\/cookie-policy\/","title":{"rendered":"Cookie Policy"},"content":{"rendered":"\n<h2 class=\"wp-block-heading\">Introduzione<\/h2>\n\n\n\n<p>Gentile Utente, siamo da sempre attenti alla protezione dei dati personali di tutti i nostri visitatori. Per questo motivo, abbiamo adottato una politica sui cookie che rispetta i principi del Regolamento Generale sulla Protezione dei Dati (GDPR) applicabile a partire dal 25 maggio 2018.<\/p>\n\n\n\n<h2 class=\"wp-block-heading\">Titolare del trattamento<\/h2>\n\n\n\n<p>Il Titolare del trattamento \u00e8 HERO 2024 S.R.L. &#8211; P.IVA IT1746410109 &#8211; Via di Quarto Annunziata 80\/A, &#8211; 00189 &#8211; Roma. Ai sensi dell\u2019articolo 13 del Regolamento UE 679\/2016, la Societ\u00e0 informa che l\u2019utilizzo dei cookie avviene in modo pertinente e trasparente, nel rispetto dei principi di liceit\u00e0 e necessit\u00e0.<\/p>\n\n\n\n<h2 class=\"wp-block-heading\">Finalit\u00e0 dell\u2019utilizzo dei cookie<\/h2>\n\n\n\n<p>L\u2019utilizzo dei cookie sul nostro sito avviene per finalit\u00e0 connesse e strumentali alla navigazione e ai servizi offerti. In particolare:<\/p>\n\n\n\n<p>a) Garantire il corretto funzionamento del sito e delle sue funzionalit\u00e0 principali (cookie tecnici).<\/p>\n\n\n\n<p>b) Analizzare e migliorare la performance del sito raccogliendo informazioni anonime sul comportamento degli utenti (cookie di performance).<\/p>\n\n\n\n<p>c) Offrire funzionalit\u00e0 personalizzate come la scelta della lingua o preferenze di navigazione (cookie di funzionalit\u00e0).<\/p>\n\n\n\n<p>d) Mostrare contenuti e annunci pubblicitari in linea con le preferenze dell\u2019utente (cookie di profilazione).<\/p>\n\n\n\n<p>e) Consentire l\u2019integrazione con servizi di terze parti come social media o piattaforme di analisi (cookie di terze parti).<\/p>\n\n\n\n<h2 class=\"wp-block-heading\">Obbligatoriet\u00e0 e facolt\u00e0 dell\u2019uso dei cookie<\/h2>\n\n\n\n<p>Il consenso per l\u2019uso dei cookie essenziali non \u00e8 richiesto, in quanto necessari per il funzionamento del sito (finalit\u00e0 a, b). Per le altre categorie di cookie (c, d, e) il consenso \u00e8 libero e facoltativo e pu\u00f2 essere revocato in qualsiasi momento.<\/p>\n\n\n\n<h2 class=\"wp-block-heading\">Modalit\u00e0 di gestione dei cookie<\/h2>\n\n\n\n<p>L\u2019utente pu\u00f2 gestire o disabilitare i cookie attraverso le impostazioni del browser:<\/p>\n\n\n\n<ul class=\"wp-block-list\">\n<li><strong>Google Chrome<\/strong>: <a>Guida<\/a><\/li>\n\n\n\n<li><strong>Mozilla Firefox<\/strong>: <a href=\"https:\/\/support.mozilla.org\/it\/kb\/Gestione%20dei%20cookie\">Guida<\/a><\/li>\n\n\n\n<li><strong>Apple Safari<\/strong>: <a href=\"https:\/\/support.apple.com\/it-it\/guide\/safari\/sfri11471\/mac\">Guida<\/a><\/li>\n\n\n\n<li><strong>Microsoft Edge<\/strong>: <a href=\"https:\/\/support.microsoft.com\/it-it\/help\/4027947\">Guida<\/a><\/li>\n<\/ul>\n\n\n\n<h2 class=\"wp-block-heading\">Durata e conservazione dei dati<\/h2>\n\n\n\n<p>Nel rispetto del principio di proporzionalit\u00e0 e necessit\u00e0, i cookie saranno conservati per il periodo strettamente necessario alla realizzazione delle finalit\u00e0 sopra indicate, in conformit\u00e0 alle normative applicabili.<\/p>\n\n\n\n<h2 class=\"wp-block-heading\">Diritti dell\u2019utente<\/h2>\n\n\n\n<p>Ai sensi del Regolamento UE 679\/2016, l\u2019utente ha il diritto di:<\/p>\n\n\n\n<ul class=\"wp-block-list\">\n<li>Accedere ai propri dati personali trattati tramite cookie.<\/li>\n\n\n\n<li>Richiedere l\u2019aggiornamento, la rettificazione o la cancellazione dei dati.<\/li>\n\n\n\n<li>Opporsi al trattamento o richiedere la limitazione dello stesso.<\/li>\n\n\n\n<li>Revocare il consenso in qualsiasi momento.<\/li>\n<\/ul>\n\n\n\n<h2 class=\"wp-block-heading\">Destinatari dei dati<\/h2>\n\n\n\n<p>I dati raccolti tramite cookie possono essere comunicati a societ\u00e0 controllate, affiliate o collegate, o a terzi fornitori di servizi strettamente connessi alle finalit\u00e0 descritte. Non sar\u00e0 effettuata alcuna diffusione dei dati.<\/p>\n\n\n\n<h2 class=\"wp-block-heading\">Modifiche alla Cookie Policy<\/h2>\n\n\n\n<p>La presente Cookie Policy potr\u00e0 essere aggiornata per riflettere eventuali modifiche normative o delle pratiche aziendali. Si invita l\u2019utente a consultare periodicamente questa pagina.<\/p>\n\n\n\n<h2 class=\"wp-block-heading\">Contatti<\/h2>\n\n\n\n<p>Per qualsiasi chiarimento o informazione riguardo questa Cookie Policy, \u00e8 possibile contattarci:<\/p>\n\n\n\n<p><strong>Heros Garden Relais<\/strong> Email: <a>info@herosgardenrelais.com<\/a> <\/p>\n\n\n\n<p>Grazie per aver visitato il nostro sito.<\/p>\n","protected":false},"excerpt":{"rendered":"<p>Introduzione Gentile Utente, siamo da sempre attenti alla protezione dei dati personali di tutti i nostri visitatori. Per questo motivo,&#8230; <span class=\"knsl-el-more\"><a href=\"https:\/\/www.herosgardenrelais.com\/it\/cookie-policy\/\" class=\"knsl-btn\">Read more<span class=\"screen-reader-text\">Read more&nbsp;Cookie Policy<\/span><\/a><\/span><\/p>\n","protected":false},"author":1,"featured_media":0,"parent":0,"menu_order":0,"comment_status":"closed","ping_status":"closed","template":"","meta":{"_acf_changed":false,"footnotes":""},"class_list":["post-12716","page","type-page","status-publish","hentry"],"acf":[],"aioseo_notices":[],"_links":{"self":[{"href":"https:\/\/www.herosgardenrelais.com\/it\/wp-json\/wp\/v2\/pages\/12716","targetHints":{"allow":["GET"]}}],"collection":[{"href":"https:\/\/www.herosgardenrelais.com\/it\/wp-json\/wp\/v2\/pages"}],"about":[{"href":"https:\/\/www.herosgardenrelais.com\/it\/wp-json\/wp\/v2\/types\/page"}],"author":[{"embeddable":true,"href":"https:\/\/www.herosgardenrelais.com\/it\/wp-json\/wp\/v2\/users\/1"}],"replies":[{"embeddable":true,"href":"https:\/\/www.herosgardenrelais.com\/it\/wp-json\/wp\/v2\/comments?post=12716"}],"version-history":[{"count":1,"href":"https:\/\/www.herosgardenrelais.com\/it\/wp-json\/wp\/v2\/pages\/12716\/revisions"}],"predecessor-version":[{"id":12717,"href":"https:\/\/www.herosgardenrelais.com\/it\/wp-json\/wp\/v2\/pages\/12716\/revisions\/12717"}],"wp:attachment":[{"href":"https:\/\/www.herosgardenrelais.com\/it\/wp-json\/wp\/v2\/media?parent=12716"}],"curies":[{"name":"wp","href":"https:\/\/api.w.org\/{rel}","templated":true}]}}